{"id":3824,"date":"2025-05-06T14:50:53","date_gmt":"2025-05-06T14:50:53","guid":{"rendered":"https:\/\/stradivarius-artsound.com\/?page_id=3824"},"modified":"2025-05-06T15:02:54","modified_gmt":"2025-05-06T15:02:54","slug":"evenement-the-angel","status":"publish","type":"page","link":"https:\/\/stradivarius-artsound.com\/it\/evenement-the-angel","title":{"rendered":"Evenement The Angel"},"content":{"rendered":"\t\t<div data-elementor-type=\"wp-page\" data-elementor-id=\"3824\" class=\"elementor elementor-3824\" data-elementor-post-type=\"page\">\n\t\t\t\t<div class=\"elementor-element elementor-element-83af6f6 elementor-hidden-tablet_extra elementor-hidden-tablet elementor-hidden-mobile_extra elementor-hidden-mobile e-flex e-con-boxed e-con e-parent\" data-id=\"83af6f6\" data-element_type=\"container\" data-e-type=\"container\" data-settings=\"{&quot;jet_parallax_layout_list&quot;:[{&quot;jet_parallax_layout_image&quot;:{&quot;url&quot;:&quot;&quot;,&quot;id&quot;:&quot;&quot;,&quot;size&quot;:&quot;&quot;},&quot;_id&quot;:&quot;a31807e&quot;,&quot;jet_parallax_layout_image_widescreen&quot;:{&quot;url&quot;:&quot;&quot;,&quot;id&quot;:&quot;&quot;,&quot;size&quot;:&quot;&quot;},&quot;jet_parallax_layout_image_laptop&quot;:{&quot;url&quot;:&quot;&quot;,&quot;id&quot;:&quot;&quot;,&quot;size&quot;:&quot;&quot;},&quot;jet_parallax_layout_image_tablet_extra&quot;:{&quot;url&quot;:&quot;&quot;,&quot;id&quot;:&quot;&quot;,&quot;size&quot;:&quot;&quot;},&quot;jet_parallax_layout_image_tablet&quot;:{&quot;url&quot;:&quot;&quot;,&quot;id&quot;:&quot;&quot;,&quot;size&quot;:&quot;&quot;},&quot;jet_parallax_layout_image_mobile_extra&quot;:{&quot;url&quot;:&quot;&quot;,&quot;id&quot;:&quot;&quot;,&quot;size&quot;:&quot;&quot;},&quot;jet_parallax_layout_image_mobile&quot;:{&quot;url&quot;:&quot;&quot;,&quot;id&quot;:&quot;&quot;,&quot;size&quot;:&quot;&quot;},&quot;jet_parallax_layout_speed&quot;:{&quot;unit&quot;:&quot;%&quot;,&quot;size&quot;:50,&quot;sizes&quot;:[]},&quot;jet_parallax_layout_type&quot;:&quot;scroll&quot;,&quot;jet_parallax_layout_direction&quot;:&quot;1&quot;,&quot;jet_parallax_layout_fx_direction&quot;:null,&quot;jet_parallax_layout_z_index&quot;:&quot;&quot;,&quot;jet_parallax_layout_bg_x&quot;:50,&quot;jet_parallax_layout_bg_x_widescreen&quot;:&quot;&quot;,&quot;jet_parallax_layout_bg_x_laptop&quot;:&quot;&quot;,&quot;jet_parallax_layout_bg_x_tablet_extra&quot;:&quot;&quot;,&quot;jet_parallax_layout_bg_x_tablet&quot;:&quot;&quot;,&quot;jet_parallax_layout_bg_x_mobile_extra&quot;:&quot;&quot;,&quot;jet_parallax_layout_bg_x_mobile&quot;:&quot;&quot;,&quot;jet_parallax_layout_bg_y&quot;:50,&quot;jet_parallax_layout_bg_y_widescreen&quot;:&quot;&quot;,&quot;jet_parallax_layout_bg_y_laptop&quot;:&quot;&quot;,&quot;jet_parallax_layout_bg_y_tablet_extra&quot;:&quot;&quot;,&quot;jet_parallax_layout_bg_y_tablet&quot;:&quot;&quot;,&quot;jet_parallax_layout_bg_y_mobile_extra&quot;:&quot;&quot;,&quot;jet_parallax_layout_bg_y_mobile&quot;:&quot;&quot;,&quot;jet_parallax_layout_bg_size&quot;:&quot;auto&quot;,&quot;jet_parallax_layout_bg_size_widescreen&quot;:&quot;&quot;,&quot;jet_parallax_layout_bg_size_laptop&quot;:&quot;&quot;,&quot;jet_parallax_layout_bg_size_tablet_extra&quot;:&quot;&quot;,&quot;jet_parallax_layout_bg_size_tablet&quot;:&quot;&quot;,&quot;jet_parallax_layout_bg_size_mobile_extra&quot;:&quot;&quot;,&quot;jet_parallax_layout_bg_size_mobile&quot;:&quot;&quot;,&quot;jet_parallax_layout_animation_prop&quot;:&quot;transform&quot;,&quot;jet_parallax_layout_on&quot;:[&quot;desktop&quot;,&quot;tablet&quot;]}],&quot;background_background&quot;:&quot;classic&quot;}\">\n\t\t\t\t\t<div class=\"e-con-inner\">\n\t\t<div class=\"elementor-element elementor-element-48c44f1 e-con-full e-flex e-con e-child\" data-id=\"48c44f1\" data-element_type=\"container\" data-e-type=\"container\" data-settings=\"{&quot;jet_parallax_layout_list&quot;:[]}\">\n\t\t\t\t<\/div>\n\t\t\t\t\t<\/div>\n\t\t\t\t<\/div>\n\t\t<div class=\"elementor-element elementor-element-ea183a0 e-flex e-con-boxed e-con e-parent\" data-id=\"ea183a0\" data-element_type=\"container\" data-e-type=\"container\" data-settings=\"{&quot;jet_parallax_layout_list&quot;:[]}\">\n\t\t\t\t\t<div class=\"e-con-inner\">\n\t\t\t\t<div class=\"elementor-element elementor-element-835ff65 elementor-widget__width-initial elementor-widget-mobile_extra__width-inherit elementor-widget-mobile__width-inherit elementor-widget elementor-widget-image\" data-id=\"835ff65\" data-element_type=\"widget\" data-e-type=\"widget\" data-widget_type=\"image.default\">\n\t\t\t\t<div class=\"elementor-widget-container\">\n\t\t\t\t\t\t\t\t\t\t\t\t\t\t\t<img fetchpriority=\"high\" decoding=\"async\" width=\"800\" height=\"985\" src=\"https:\/\/stradivarius-artsound.com\/wp-content\/uploads\/2025\/05\/VIGNETTE_AGENDA_MARTINI_17_04_2025-1.jpg\" class=\"attachment-large size-large wp-image-3830\" alt=\"\" srcset=\"https:\/\/stradivarius-artsound.com\/wp-content\/uploads\/2025\/05\/VIGNETTE_AGENDA_MARTINI_17_04_2025-1.jpg 832w, https:\/\/stradivarius-artsound.com\/wp-content\/uploads\/2025\/05\/VIGNETTE_AGENDA_MARTINI_17_04_2025-1-244x300.jpg 244w, https:\/\/stradivarius-artsound.com\/wp-content\/uploads\/2025\/05\/VIGNETTE_AGENDA_MARTINI_17_04_2025-1-768x945.jpg 768w, https:\/\/stradivarius-artsound.com\/wp-content\/uploads\/2025\/05\/VIGNETTE_AGENDA_MARTINI_17_04_2025-1-10x12.jpg 10w\" sizes=\"(max-width: 800px) 100vw, 800px\" \/>\t\t\t\t\t\t\t\t\t\t\t\t\t\t\t<\/div>\n\t\t\t\t<\/div>\n\t\t<div class=\"elementor-element elementor-element-b90b61a e-con-full e-flex e-con e-child\" data-id=\"b90b61a\" data-element_type=\"container\" data-e-type=\"container\" data-settings=\"{&quot;jet_parallax_layout_list&quot;:[]}\">\n\t\t\t\t<div class=\"elementor-element elementor-element-c5ed29f elementor-widget elementor-widget-heading\" data-id=\"c5ed29f\" data-element_type=\"widget\" data-e-type=\"widget\" data-widget_type=\"heading.default\">\n\t\t\t\t<div class=\"elementor-widget-container\">\n\t\t\t\t\t<h3 class=\"elementor-heading-title elementor-size-default\">The Angel<\/h3>\t\t\t\t<\/div>\n\t\t\t\t<\/div>\n\t\t\t\t<div class=\"elementor-element elementor-element-621a6e3 elementor-widget elementor-widget-text-editor\" data-id=\"621a6e3\" data-element_type=\"widget\" data-e-type=\"widget\" data-widget_type=\"text-editor.default\">\n\t\t\t\t<div class=\"elementor-widget-container\">\n\t\t\t\t\t\t\t\t\t<p>Quand le Kiosque des Bastions accueille un violoniste virtuose tel que Fabrizio von Arx entre ses murs, il retrouve toutes ses lettres de noblesse car il f\u00fbt jadis, un kiosque \u00e0 musique. Pour cette soir\u00e9e exceptionnelle, Fabrizio von Arx sera accompagn\u00e9 de son fid\u00e8le Stradivarius tricentenaire \u00ab The Angel \u00bb, de son ancien nom \u00ab Madrile\u00f1o \u00bb cr\u00e9\u00e9 en 1720 dans l\u2019atelier du c\u00e9l\u00e8bre luthier Antonio Stradivari. Longtemps disparu, cet instrument d\u2019exception est pass\u00e9 de mains en mains avant de trouver celles de Fabrizio.<\/p><p>L\u2019occasion de parcourir 300 ans de musique classique et d\u2019entrevoir les secrets de Stradivari \u00e0 travers une pr\u00e9sentation et des interm\u00e8des musicaux. Une invitation \u00e0 l\u2019histoire et \u00e0 l\u2019amour de la musique, le temps d\u2019un d\u00eener.<\/p><p><strong>Menu unique (ap\u00e9ritif et 3 plats) \u00e0 CHF 129.- par personne<\/strong><\/p><p><strong>Date\u00a0:<\/strong> 6 mai 2025<br \/><strong>Lieu\u00a0:<\/strong> Le Kiosque des Bastions, Promenade des Bastions 1, 1205 Gen\u00e8ve<\/p><p><strong>Billetterie\u00a0:<\/strong> <a href=\"https:\/\/bastions.ch\/evenements\/the-angel\" target=\"_blank\" rel=\"noopener\"><span style=\"text-decoration: underline;\">https:\/\/bastions.ch\/evenements\/the-angel<\/span><\/a><br \/><strong>Ouverture des portes\u00a0:<\/strong> 18h45<\/p>\t\t\t\t\t\t\t\t<\/div>\n\t\t\t\t<\/div>\n\t\t\t\t<\/div>\n\t\t\t\t\t<\/div>\n\t\t\t\t<\/div>\n\t\t\t\t<\/div>\n\t\t","protected":false},"excerpt":{"rendered":"<p>The Angel Quand le Kiosque des Bastions accueille un violoniste virtuose tel que Fabrizio von Arx entre ses murs, il retrouve toutes ses lettres de noblesse car il f\u00fbt jadis, un kiosque \u00e0 musique. Pour cette soir\u00e9e exceptionnelle, Fabrizio von Arx sera accompagn\u00e9 de son fid\u00e8le Stradivarius tricentenaire \u00ab The Angel \u00bb, de son ancien [&hellip;]<\/p>\n","protected":false},"author":8,"featured_media":3374,"parent":0,"menu_order":0,"comment_status":"closed","ping_status":"closed","template":"","meta":{"footnotes":""},"class_list":["post-3824","page","type-page","status-publish","has-post-thumbnail","hentry"],"yoast_head":"<!-- This site is optimized with the Yoast SEO plugin v27.3 - https:\/\/yoast.com\/product\/yoast-seo-wordpress\/ -->\n<title>Evenement The Angel - Stradivarius Art &amp; Sound<\/title>\n<meta name=\"robots\" content=\"index, follow, max-snippet:-1, max-image-preview:large, max-video-preview:-1\" \/>\n<link rel=\"canonical\" href=\"https:\/\/stradivarius-artsound.com\/it\/evenement-the-angel\/\" \/>\n<meta property=\"og:locale\" content=\"it_IT\" \/>\n<meta property=\"og:type\" content=\"article\" \/>\n<meta property=\"og:title\" content=\"Evenement The Angel - Stradivarius Art &amp; Sound\" \/>\n<meta property=\"og:description\" content=\"The Angel Quand le Kiosque des Bastions accueille un violoniste virtuose tel que Fabrizio von Arx entre ses murs, il retrouve toutes ses lettres de noblesse car il f\u00fbt jadis, un kiosque \u00e0 musique. Pour cette soir\u00e9e exceptionnelle, Fabrizio von Arx sera accompagn\u00e9 de son fid\u00e8le Stradivarius tricentenaire \u00ab The Angel \u00bb, de son ancien [&hellip;]\" \/>\n<meta property=\"og:url\" content=\"https:\/\/stradivarius-artsound.com\/it\/evenement-the-angel\/\" \/>\n<meta property=\"og:site_name\" content=\"Stradivarius Art &amp; Sound\" \/>\n<meta property=\"article:modified_time\" content=\"2025-05-06T15:02:54+00:00\" \/>\n<meta property=\"og:image\" content=\"https:\/\/stradivarius-artsound.com\/wp-content\/uploads\/2022\/11\/protocole-stradivarius-og.png\" \/>\n\t<meta property=\"og:image:width\" content=\"1200\" \/>\n\t<meta property=\"og:image:height\" content=\"600\" \/>\n\t<meta property=\"og:image:type\" content=\"image\/png\" \/>\n<meta name=\"twitter:card\" content=\"summary_large_image\" \/>\n<meta name=\"twitter:label1\" content=\"Tempo di lettura stimato\" \/>\n\t<meta name=\"twitter:data1\" content=\"1 minuto\" \/>\n<script type=\"application\/ld+json\" class=\"yoast-schema-graph\">{\"@context\":\"https:\\\/\\\/schema.org\",\"@graph\":[{\"@type\":\"WebPage\",\"@id\":\"https:\\\/\\\/stradivarius-artsound.com\\\/evenement-the-angel\",\"url\":\"https:\\\/\\\/stradivarius-artsound.com\\\/evenement-the-angel\",\"name\":\"Evenement The Angel - Stradivarius Art &amp; Sound\",\"isPartOf\":{\"@id\":\"https:\\\/\\\/stradivarius-artsound.com\\\/#website\"},\"primaryImageOfPage\":{\"@id\":\"https:\\\/\\\/stradivarius-artsound.com\\\/evenement-the-angel#primaryimage\"},\"image\":{\"@id\":\"https:\\\/\\\/stradivarius-artsound.com\\\/evenement-the-angel#primaryimage\"},\"thumbnailUrl\":\"https:\\\/\\\/stradivarius-artsound.com\\\/wp-content\\\/uploads\\\/2022\\\/11\\\/protocole-stradivarius-og.png\",\"datePublished\":\"2025-05-06T14:50:53+00:00\",\"dateModified\":\"2025-05-06T15:02:54+00:00\",\"breadcrumb\":{\"@id\":\"https:\\\/\\\/stradivarius-artsound.com\\\/evenement-the-angel#breadcrumb\"},\"inLanguage\":\"it-IT\",\"potentialAction\":[{\"@type\":\"ReadAction\",\"target\":[\"https:\\\/\\\/stradivarius-artsound.com\\\/evenement-the-angel\"]}]},{\"@type\":\"ImageObject\",\"inLanguage\":\"it-IT\",\"@id\":\"https:\\\/\\\/stradivarius-artsound.com\\\/evenement-the-angel#primaryimage\",\"url\":\"https:\\\/\\\/stradivarius-artsound.com\\\/wp-content\\\/uploads\\\/2022\\\/11\\\/protocole-stradivarius-og.png\",\"contentUrl\":\"https:\\\/\\\/stradivarius-artsound.com\\\/wp-content\\\/uploads\\\/2022\\\/11\\\/protocole-stradivarius-og.png\",\"width\":1200,\"height\":600},{\"@type\":\"BreadcrumbList\",\"@id\":\"https:\\\/\\\/stradivarius-artsound.com\\\/evenement-the-angel#breadcrumb\",\"itemListElement\":[{\"@type\":\"ListItem\",\"position\":1,\"name\":\"Accueil\",\"item\":\"https:\\\/\\\/stradivarius-artsound.com\\\/\"},{\"@type\":\"ListItem\",\"position\":2,\"name\":\"Evenement The Angel\"}]},{\"@type\":\"WebSite\",\"@id\":\"https:\\\/\\\/stradivarius-artsound.com\\\/#website\",\"url\":\"https:\\\/\\\/stradivarius-artsound.com\\\/\",\"name\":\"Stradivarius Art &amp; Sound\",\"description\":\"\",\"publisher\":{\"@id\":\"https:\\\/\\\/stradivarius-artsound.com\\\/#organization\"},\"potentialAction\":[{\"@type\":\"SearchAction\",\"target\":{\"@type\":\"EntryPoint\",\"urlTemplate\":\"https:\\\/\\\/stradivarius-artsound.com\\\/?s={search_term_string}\"},\"query-input\":{\"@type\":\"PropertyValueSpecification\",\"valueRequired\":true,\"valueName\":\"search_term_string\"}}],\"inLanguage\":\"it-IT\"},{\"@type\":\"Organization\",\"@id\":\"https:\\\/\\\/stradivarius-artsound.com\\\/#organization\",\"name\":\"Stradivarius Art & Sound\",\"url\":\"https:\\\/\\\/stradivarius-artsound.com\\\/\",\"logo\":{\"@type\":\"ImageObject\",\"inLanguage\":\"it-IT\",\"@id\":\"https:\\\/\\\/stradivarius-artsound.com\\\/#\\\/schema\\\/logo\\\/image\\\/\",\"url\":\"https:\\\/\\\/stradivarius-artsound.com\\\/wp-content\\\/uploads\\\/2022\\\/01\\\/sas-logo-noir.svg\",\"contentUrl\":\"https:\\\/\\\/stradivarius-artsound.com\\\/wp-content\\\/uploads\\\/2022\\\/01\\\/sas-logo-noir.svg\",\"width\":739,\"height\":238.61,\"caption\":\"Stradivarius Art & Sound\"},\"image\":{\"@id\":\"https:\\\/\\\/stradivarius-artsound.com\\\/#\\\/schema\\\/logo\\\/image\\\/\"}}]}<\/script>\n<!-- \/ Yoast SEO plugin. -->","yoast_head_json":{"title":"Evenement The Angel - Stradivarius Art &amp; Sound","robots":{"index":"index","follow":"follow","max-snippet":"max-snippet:-1","max-image-preview":"max-image-preview:large","max-video-preview":"max-video-preview:-1"},"canonical":"https:\/\/stradivarius-artsound.com\/it\/evenement-the-angel\/","og_locale":"it_IT","og_type":"article","og_title":"Evenement The Angel - Stradivarius Art &amp; Sound","og_description":"The Angel Quand le Kiosque des Bastions accueille un violoniste virtuose tel que Fabrizio von Arx entre ses murs, il retrouve toutes ses lettres de noblesse car il f\u00fbt jadis, un kiosque \u00e0 musique. Pour cette soir\u00e9e exceptionnelle, Fabrizio von Arx sera accompagn\u00e9 de son fid\u00e8le Stradivarius tricentenaire \u00ab The Angel \u00bb, de son ancien [&hellip;]","og_url":"https:\/\/stradivarius-artsound.com\/it\/evenement-the-angel\/","og_site_name":"Stradivarius Art &amp; Sound","article_modified_time":"2025-05-06T15:02:54+00:00","og_image":[{"width":1200,"height":600,"url":"https:\/\/stradivarius-artsound.com\/wp-content\/uploads\/2022\/11\/protocole-stradivarius-og.png","type":"image\/png"}],"twitter_card":"summary_large_image","twitter_misc":{"Tempo di lettura stimato":"1 minuto"},"schema":{"@context":"https:\/\/schema.org","@graph":[{"@type":"WebPage","@id":"https:\/\/stradivarius-artsound.com\/evenement-the-angel","url":"https:\/\/stradivarius-artsound.com\/evenement-the-angel","name":"Evenement The Angel - Stradivarius Art &amp; Sound","isPartOf":{"@id":"https:\/\/stradivarius-artsound.com\/#website"},"primaryImageOfPage":{"@id":"https:\/\/stradivarius-artsound.com\/evenement-the-angel#primaryimage"},"image":{"@id":"https:\/\/stradivarius-artsound.com\/evenement-the-angel#primaryimage"},"thumbnailUrl":"https:\/\/stradivarius-artsound.com\/wp-content\/uploads\/2022\/11\/protocole-stradivarius-og.png","datePublished":"2025-05-06T14:50:53+00:00","dateModified":"2025-05-06T15:02:54+00:00","breadcrumb":{"@id":"https:\/\/stradivarius-artsound.com\/evenement-the-angel#breadcrumb"},"inLanguage":"it-IT","potentialAction":[{"@type":"ReadAction","target":["https:\/\/stradivarius-artsound.com\/evenement-the-angel"]}]},{"@type":"ImageObject","inLanguage":"it-IT","@id":"https:\/\/stradivarius-artsound.com\/evenement-the-angel#primaryimage","url":"https:\/\/stradivarius-artsound.com\/wp-content\/uploads\/2022\/11\/protocole-stradivarius-og.png","contentUrl":"https:\/\/stradivarius-artsound.com\/wp-content\/uploads\/2022\/11\/protocole-stradivarius-og.png","width":1200,"height":600},{"@type":"BreadcrumbList","@id":"https:\/\/stradivarius-artsound.com\/evenement-the-angel#breadcrumb","itemListElement":[{"@type":"ListItem","position":1,"name":"Accueil","item":"https:\/\/stradivarius-artsound.com\/"},{"@type":"ListItem","position":2,"name":"Evenement The Angel"}]},{"@type":"WebSite","@id":"https:\/\/stradivarius-artsound.com\/#website","url":"https:\/\/stradivarius-artsound.com\/","name":"Stradivarius Art &amp; Sound","description":"","publisher":{"@id":"https:\/\/stradivarius-artsound.com\/#organization"},"potentialAction":[{"@type":"SearchAction","target":{"@type":"EntryPoint","urlTemplate":"https:\/\/stradivarius-artsound.com\/?s={search_term_string}"},"query-input":{"@type":"PropertyValueSpecification","valueRequired":true,"valueName":"search_term_string"}}],"inLanguage":"it-IT"},{"@type":"Organization","@id":"https:\/\/stradivarius-artsound.com\/#organization","name":"Stradivarius Art & Sound","url":"https:\/\/stradivarius-artsound.com\/","logo":{"@type":"ImageObject","inLanguage":"it-IT","@id":"https:\/\/stradivarius-artsound.com\/#\/schema\/logo\/image\/","url":"https:\/\/stradivarius-artsound.com\/wp-content\/uploads\/2022\/01\/sas-logo-noir.svg","contentUrl":"https:\/\/stradivarius-artsound.com\/wp-content\/uploads\/2022\/01\/sas-logo-noir.svg","width":739,"height":238.61,"caption":"Stradivarius Art & Sound"},"image":{"@id":"https:\/\/stradivarius-artsound.com\/#\/schema\/logo\/image\/"}}]}},"_links":{"self":[{"href":"https:\/\/stradivarius-artsound.com\/it\/wp-json\/wp\/v2\/pages\/3824","targetHints":{"allow":["GET"]}}],"collection":[{"href":"https:\/\/stradivarius-artsound.com\/it\/wp-json\/wp\/v2\/pages"}],"about":[{"href":"https:\/\/stradivarius-artsound.com\/it\/wp-json\/wp\/v2\/types\/page"}],"author":[{"embeddable":true,"href":"https:\/\/stradivarius-artsound.com\/it\/wp-json\/wp\/v2\/users\/8"}],"replies":[{"embeddable":true,"href":"https:\/\/stradivarius-artsound.com\/it\/wp-json\/wp\/v2\/comments?post=3824"}],"version-history":[{"count":7,"href":"https:\/\/stradivarius-artsound.com\/it\/wp-json\/wp\/v2\/pages\/3824\/revisions"}],"predecessor-version":[{"id":3836,"href":"https:\/\/stradivarius-artsound.com\/it\/wp-json\/wp\/v2\/pages\/3824\/revisions\/3836"}],"wp:featuredmedia":[{"embeddable":true,"href":"https:\/\/stradivarius-artsound.com\/it\/wp-json\/wp\/v2\/media\/3374"}],"wp:attachment":[{"href":"https:\/\/stradivarius-artsound.com\/it\/wp-json\/wp\/v2\/media?parent=3824"}],"curies":[{"name":"wp","href":"https:\/\/api.w.org\/{rel}","templated":true}]}}