{"id":962,"date":"2022-01-31T13:19:02","date_gmt":"2022-01-31T13:19:02","guid":{"rendered":"https:\/\/stradivarius-artsound.com\/?page_id=962"},"modified":"2022-03-22T13:56:02","modified_gmt":"2022-03-22T13:56:02","slug":"for-the-next-300-years","status":"publish","type":"page","link":"https:\/\/stradivarius-artsound.com\/en\/for-the-next-300-years","title":{"rendered":"Voyage itin\u00e9rant"},"content":{"rendered":"\t\t<div data-elementor-type=\"wp-page\" data-elementor-id=\"962\" class=\"elementor elementor-962\" data-elementor-post-type=\"page\">\n\t\t\t\t\t\t<section class=\"elementor-section elementor-top-section elementor-element elementor-element-ea6954c elementor-section-height-min-height elementor-section-items-bottom elementor-section-boxed elementor-section-height-default\" data-id=\"ea6954c\" data-element_type=\"section\" data-e-type=\"section\" data-settings=\"{&quot;jet_parallax_layout_list&quot;:[{&quot;jet_parallax_layout_image&quot;:{&quot;url&quot;:&quot;&quot;,&quot;id&quot;:&quot;&quot;,&quot;size&quot;:&quot;&quot;},&quot;_id&quot;:&quot;a31807e&quot;,&quot;jet_parallax_layout_image_widescreen&quot;:{&quot;url&quot;:&quot;&quot;,&quot;id&quot;:&quot;&quot;,&quot;size&quot;:&quot;&quot;},&quot;jet_parallax_layout_image_laptop&quot;:{&quot;url&quot;:&quot;&quot;,&quot;id&quot;:&quot;&quot;,&quot;size&quot;:&quot;&quot;},&quot;jet_parallax_layout_image_tablet_extra&quot;:{&quot;url&quot;:&quot;&quot;,&quot;id&quot;:&quot;&quot;,&quot;size&quot;:&quot;&quot;},&quot;jet_parallax_layout_image_tablet&quot;:{&quot;url&quot;:&quot;&quot;,&quot;id&quot;:&quot;&quot;,&quot;size&quot;:&quot;&quot;},&quot;jet_parallax_layout_image_mobile_extra&quot;:{&quot;url&quot;:&quot;&quot;,&quot;id&quot;:&quot;&quot;,&quot;size&quot;:&quot;&quot;},&quot;jet_parallax_layout_image_mobile&quot;:{&quot;url&quot;:&quot;&quot;,&quot;id&quot;:&quot;&quot;,&quot;size&quot;:&quot;&quot;},&quot;jet_parallax_layout_speed&quot;:{&quot;unit&quot;:&quot;%&quot;,&quot;size&quot;:50,&quot;sizes&quot;:[]},&quot;jet_parallax_layout_type&quot;:&quot;scroll&quot;,&quot;jet_parallax_layout_direction&quot;:&quot;1&quot;,&quot;jet_parallax_layout_fx_direction&quot;:null,&quot;jet_parallax_layout_z_index&quot;:&quot;&quot;,&quot;jet_parallax_layout_bg_x&quot;:50,&quot;jet_parallax_layout_bg_x_widescreen&quot;:&quot;&quot;,&quot;jet_parallax_layout_bg_x_laptop&quot;:&quot;&quot;,&quot;jet_parallax_layout_bg_x_tablet_extra&quot;:&quot;&quot;,&quot;jet_parallax_layout_bg_x_tablet&quot;:&quot;&quot;,&quot;jet_parallax_layout_bg_x_mobile_extra&quot;:&quot;&quot;,&quot;jet_parallax_layout_bg_x_mobile&quot;:&quot;&quot;,&quot;jet_parallax_layout_bg_y&quot;:50,&quot;jet_parallax_layout_bg_y_widescreen&quot;:&quot;&quot;,&quot;jet_parallax_layout_bg_y_laptop&quot;:&quot;&quot;,&quot;jet_parallax_layout_bg_y_tablet_extra&quot;:&quot;&quot;,&quot;jet_parallax_layout_bg_y_tablet&quot;:&quot;&quot;,&quot;jet_parallax_layout_bg_y_mobile_extra&quot;:&quot;&quot;,&quot;jet_parallax_layout_bg_y_mobile&quot;:&quot;&quot;,&quot;jet_parallax_layout_bg_size&quot;:&quot;auto&quot;,&quot;jet_parallax_layout_bg_size_widescreen&quot;:&quot;&quot;,&quot;jet_parallax_layout_bg_size_laptop&quot;:&quot;&quot;,&quot;jet_parallax_layout_bg_size_tablet_extra&quot;:&quot;&quot;,&quot;jet_parallax_layout_bg_size_tablet&quot;:&quot;&quot;,&quot;jet_parallax_layout_bg_size_mobile_extra&quot;:&quot;&quot;,&quot;jet_parallax_layout_bg_size_mobile&quot;:&quot;&quot;,&quot;jet_parallax_layout_animation_prop&quot;:&quot;transform&quot;,&quot;jet_parallax_layout_on&quot;:[&quot;desktop&quot;,&quot;tablet&quot;]}],&quot;background_background&quot;:&quot;classic&quot;}\">\n\t\t\t\t\t\t<div class=\"elementor-container elementor-column-gap-default\">\n\t\t\t\t\t<div class=\"elementor-column elementor-col-100 elementor-top-column elementor-element elementor-element-f46cff1\" data-id=\"f46cff1\" data-element_type=\"column\" data-e-type=\"column\">\n\t\t\t<div class=\"elementor-widget-wrap elementor-element-populated\">\n\t\t\t\t\t\t<div class=\"elementor-element elementor-element-62b45cf elementor-widget elementor-widget-spacer\" data-id=\"62b45cf\" data-element_type=\"widget\" data-e-type=\"widget\" data-widget_type=\"spacer.default\">\n\t\t\t\t<div class=\"elementor-widget-container\">\n\t\t\t\t\t\t\t<div class=\"elementor-spacer\">\n\t\t\t<div class=\"elementor-spacer-inner\"><\/div>\n\t\t<\/div>\n\t\t\t\t\t\t<\/div>\n\t\t\t\t<\/div>\n\t\t\t\t<section class=\"elementor-section elementor-inner-section elementor-element elementor-element-00f9df2 elementor-section-full_width elementor-section-height-default elementor-section-height-default\" data-id=\"00f9df2\" data-element_type=\"section\" data-e-type=\"section\" data-settings=\"{&quot;jet_parallax_layout_list&quot;:[{&quot;jet_parallax_layout_image&quot;:{&quot;url&quot;:&quot;&quot;,&quot;id&quot;:&quot;&quot;,&quot;size&quot;:&quot;&quot;},&quot;_id&quot;:&quot;f30afa6&quot;,&quot;jet_parallax_layout_image_widescreen&quot;:{&quot;url&quot;:&quot;&quot;,&quot;id&quot;:&quot;&quot;,&quot;size&quot;:&quot;&quot;},&quot;jet_parallax_layout_image_laptop&quot;:{&quot;url&quot;:&quot;&quot;,&quot;id&quot;:&quot;&quot;,&quot;size&quot;:&quot;&quot;},&quot;jet_parallax_layout_image_tablet_extra&quot;:{&quot;url&quot;:&quot;&quot;,&quot;id&quot;:&quot;&quot;,&quot;size&quot;:&quot;&quot;},&quot;jet_parallax_layout_image_tablet&quot;:{&quot;url&quot;:&quot;&quot;,&quot;id&quot;:&quot;&quot;,&quot;size&quot;:&quot;&quot;},&quot;jet_parallax_layout_image_mobile_extra&quot;:{&quot;url&quot;:&quot;&quot;,&quot;id&quot;:&quot;&quot;,&quot;size&quot;:&quot;&quot;},&quot;jet_parallax_layout_image_mobile&quot;:{&quot;url&quot;:&quot;&quot;,&quot;id&quot;:&quot;&quot;,&quot;size&quot;:&quot;&quot;},&quot;jet_parallax_layout_speed&quot;:{&quot;unit&quot;:&quot;%&quot;,&quot;size&quot;:50,&quot;sizes&quot;:[]},&quot;jet_parallax_layout_type&quot;:&quot;scroll&quot;,&quot;jet_parallax_layout_direction&quot;:&quot;1&quot;,&quot;jet_parallax_layout_fx_direction&quot;:null,&quot;jet_parallax_layout_z_index&quot;:&quot;&quot;,&quot;jet_parallax_layout_bg_x&quot;:50,&quot;jet_parallax_layout_bg_x_widescreen&quot;:&quot;&quot;,&quot;jet_parallax_layout_bg_x_laptop&quot;:&quot;&quot;,&quot;jet_parallax_layout_bg_x_tablet_extra&quot;:&quot;&quot;,&quot;jet_parallax_layout_bg_x_tablet&quot;:&quot;&quot;,&quot;jet_parallax_layout_bg_x_mobile_extra&quot;:&quot;&quot;,&quot;jet_parallax_layout_bg_x_mobile&quot;:&quot;&quot;,&quot;jet_parallax_layout_bg_y&quot;:50,&quot;jet_parallax_layout_bg_y_widescreen&quot;:&quot;&quot;,&quot;jet_parallax_layout_bg_y_laptop&quot;:&quot;&quot;,&quot;jet_parallax_layout_bg_y_tablet_extra&quot;:&quot;&quot;,&quot;jet_parallax_layout_bg_y_tablet&quot;:&quot;&quot;,&quot;jet_parallax_layout_bg_y_mobile_extra&quot;:&quot;&quot;,&quot;jet_parallax_layout_bg_y_mobile&quot;:&quot;&quot;,&quot;jet_parallax_layout_bg_size&quot;:&quot;auto&quot;,&quot;jet_parallax_layout_bg_size_widescreen&quot;:&quot;&quot;,&quot;jet_parallax_layout_bg_size_laptop&quot;:&quot;&quot;,&quot;jet_parallax_layout_bg_size_tablet_extra&quot;:&quot;&quot;,&quot;jet_parallax_layout_bg_size_tablet&quot;:&quot;&quot;,&quot;jet_parallax_layout_bg_size_mobile_extra&quot;:&quot;&quot;,&quot;jet_parallax_layout_bg_size_mobile&quot;:&quot;&quot;,&quot;jet_parallax_layout_animation_prop&quot;:&quot;transform&quot;,&quot;jet_parallax_layout_on&quot;:[&quot;desktop&quot;,&quot;tablet&quot;]}]}\">\n\t\t\t\t\t\t<div class=\"elementor-container elementor-column-gap-default\">\n\t\t\t\t\t<div class=\"elementor-column elementor-col-100 elementor-inner-column elementor-element elementor-element-4069fa4\" data-id=\"4069fa4\" data-element_type=\"column\" data-e-type=\"column\">\n\t\t\t<div class=\"elementor-widget-wrap elementor-element-populated\">\n\t\t\t\t\t\t<div class=\"elementor-element elementor-element-fc9b897 elementor-widget elementor-widget-heading\" data-id=\"fc9b897\" data-element_type=\"widget\" data-e-type=\"widget\" data-widget_type=\"heading.default\">\n\t\t\t\t<div class=\"elementor-widget-container\">\n\t\t\t\t\t<h2 class=\"elementor-heading-title elementor-size-default\">For the next 300 years<\/h2>\t\t\t\t<\/div>\n\t\t\t\t<\/div>\n\t\t\t\t<div class=\"elementor-element elementor-element-a47bc63 elementor-widget elementor-widget-text-editor\" data-id=\"a47bc63\" data-element_type=\"widget\" data-e-type=\"widget\" data-widget_type=\"text-editor.default\">\n\t\t\t\t<div class=\"elementor-widget-container\">\n\t\t\t\t\t\t\t\t\t<p>Un documentaire \u00e0 d\u00e9couvrir bient\u00f4t sur vos \u00e9crans !<\/p>\t\t\t\t\t\t\t\t<\/div>\n\t\t\t\t<\/div>\n\t\t\t\t\t<\/div>\n\t\t<\/div>\n\t\t\t\t\t<\/div>\n\t\t<\/section>\n\t\t\t\t<div class=\"elementor-element elementor-element-372ef8d elementor-widget elementor-widget-spacer\" data-id=\"372ef8d\" data-element_type=\"widget\" data-e-type=\"widget\" data-widget_type=\"spacer.default\">\n\t\t\t\t<div class=\"elementor-widget-container\">\n\t\t\t\t\t\t\t<div class=\"elementor-spacer\">\n\t\t\t<div class=\"elementor-spacer-inner\"><\/div>\n\t\t<\/div>\n\t\t\t\t\t\t<\/div>\n\t\t\t\t<\/div>\n\t\t\t\t\t<\/div>\n\t\t<\/div>\n\t\t\t\t\t<\/div>\n\t\t<\/section>\n\t\t\t\t<section class=\"elementor-section elementor-top-section elementor-element elementor-element-90ccf66 elementor-section-boxed elementor-section-height-default elementor-section-height-default\" data-id=\"90ccf66\" data-element_type=\"section\" data-e-type=\"section\" data-settings=\"{&quot;jet_parallax_layout_list&quot;:[]}\">\n\t\t\t\t\t\t<div class=\"elementor-container elementor-column-gap-default\">\n\t\t\t\t\t<div class=\"elementor-column elementor-col-100 elementor-top-column elementor-element elementor-element-0a5d04d\" data-id=\"0a5d04d\" data-element_type=\"column\" data-e-type=\"column\">\n\t\t\t<div class=\"elementor-widget-wrap elementor-element-populated\">\n\t\t\t\t\t\t<div class=\"elementor-element elementor-element-4e44bd3 elementor-widget elementor-widget-video\" data-id=\"4e44bd3\" data-element_type=\"widget\" data-e-type=\"widget\" data-settings=\"{&quot;youtube_url&quot;:&quot;https:\\\/\\\/www.youtube.com\\\/watch?v=MPKxn2NDa1c&quot;,&quot;yt_privacy&quot;:&quot;yes&quot;,&quot;show_image_overlay&quot;:&quot;yes&quot;,&quot;image_overlay&quot;:{&quot;url&quot;:&quot;https:\\\/\\\/stradivarius-artsound.com\\\/wp-content\\\/uploads\\\/2022\\\/01\\\/documentaire-voyage-itinerant.png&quot;,&quot;id&quot;:984,&quot;size&quot;:&quot;&quot;,&quot;alt&quot;:&quot;&quot;,&quot;source&quot;:&quot;library&quot;},&quot;video_type&quot;:&quot;youtube&quot;,&quot;controls&quot;:&quot;yes&quot;}\" data-widget_type=\"video.default\">\n\t\t\t\t<div class=\"elementor-widget-container\">\n\t\t\t\t\t\t\t<div class=\"elementor-wrapper elementor-open-inline\">\n\t\t\t<div class=\"elementor-video\"><\/div>\t\t\t\t<div class=\"elementor-custom-embed-image-overlay\" style=\"background-image: url(https:\/\/stradivarius-artsound.com\/wp-content\/uploads\/2022\/01\/documentaire-voyage-itinerant.png);\">\n\t\t\t\t\t\t\t\t\t\t\t\t\t\t\t\t<div class=\"elementor-custom-embed-play\" role=\"button\" aria-label=\"Lire la vid\u00e9o\" tabindex=\"0\">\n\t\t\t\t\t\t\t<svg aria-hidden=\"true\" class=\"e-font-icon-svg e-eicon-play\" viewBox=\"0 0 1000 1000\" xmlns=\"http:\/\/www.w3.org\/2000\/svg\"><path d=\"M838 162C746 71 633 25 500 25 371 25 258 71 163 162 71 254 25 367 25 500 25 633 71 746 163 837 254 929 367 979 500 979 633 979 746 933 838 837 929 746 975 633 975 500 975 367 929 254 838 162M808 192C892 279 933 379 933 500 933 621 892 725 808 808 725 892 621 938 500 938 379 938 279 896 196 808 113 725 67 621 67 500 67 379 108 279 196 192 279 108 383 62 500 62 621 62 721 108 808 192M438 392V642L642 517 438 392Z\"><\/path><\/svg>\t\t\t\t\t\t<\/div>\n\t\t\t\t\t\t\t\t\t<\/div>\n\t\t\t\t\t<\/div>\n\t\t\t\t\t\t<\/div>\n\t\t\t\t<\/div>\n\t\t\t\t\t<\/div>\n\t\t<\/div>\n\t\t\t\t\t<\/div>\n\t\t<\/section>\n\t\t\t\t<section class=\"elementor-section elementor-top-section elementor-element elementor-element-7b6170e elementor-section-boxed elementor-section-height-default elementor-section-height-default\" data-id=\"7b6170e\" data-element_type=\"section\" data-e-type=\"section\" data-settings=\"{&quot;jet_parallax_layout_list&quot;:[]}\">\n\t\t\t\t\t\t<div class=\"elementor-container elementor-column-gap-default\">\n\t\t\t\t\t<div class=\"elementor-column elementor-col-50 elementor-top-column elementor-element elementor-element-c1a342a\" data-id=\"c1a342a\" data-element_type=\"column\" data-e-type=\"column\">\n\t\t\t<div class=\"elementor-widget-wrap elementor-element-populated\">\n\t\t\t\t\t\t<div class=\"elementor-element elementor-element-2151934 elementor-widget elementor-widget-text-editor\" data-id=\"2151934\" data-element_type=\"widget\" data-e-type=\"widget\" data-widget_type=\"text-editor.default\">\n\t\t\t\t<div class=\"elementor-widget-container\">\n\t\t\t\t\t\t\t\t\t<p>Ce Stradivarius \u00ab The Angel \u00bb ex-Madrileno 1720 connait une histoire incroyable et pour son 300\u00e8me anniversaire, s\u2019il devait avoir qu\u2019une seule volont\u00e9, ce serait un retour \u00e0 ses origines.<\/p>\t\t\t\t\t\t\t\t<\/div>\n\t\t\t\t<\/div>\n\t\t\t\t<div class=\"elementor-element elementor-element-1c68d55 elementor-widget elementor-widget-text-editor\" data-id=\"1c68d55\" data-element_type=\"widget\" data-e-type=\"widget\" data-widget_type=\"text-editor.default\">\n\t\t\t\t<div class=\"elementor-widget-container\">\n\t\t\t\t\t\t\t\t\t<p>Le Covid s\u2019est invit\u00e9 mais n\u2019a en rien tu\u00e9 la cr\u00e9ativit\u00e9 apr\u00e8s l\u2019avoir quelque peu chahut\u00e9e. Quel plus bel hommage rendre \u00e0 cet instrument d\u2019exception que de lui faire vivre un retour \u00e0 ses origines.<\/p>\t\t\t\t\t\t\t\t<\/div>\n\t\t\t\t<\/div>\n\t\t\t\t<div class=\"elementor-element elementor-element-0393d33 elementor-widget elementor-widget-text-editor\" data-id=\"0393d33\" data-element_type=\"widget\" data-e-type=\"widget\" data-widget_type=\"text-editor.default\">\n\t\t\t\t<div class=\"elementor-widget-container\">\n\t\t\t\t\t\t\t\t\t<p>Chose faite en septembre 2020 o\u00f9 Fabrizio von Arx et \u00ab The Angel \u00bb ont pris la route de Gen\u00e8ve \u00e0 l\u2019issue du concert de cl\u00f4ture du Festival des Bastions jusqu\u2019\u00e0 Cr\u00e9mone, lieu de naissance et de cr\u00e9ation de Stradivari.<\/p>\t\t\t\t\t\t\t\t<\/div>\n\t\t\t\t<\/div>\n\t\t\t\t\t<\/div>\n\t\t<\/div>\n\t\t\t\t<div class=\"elementor-column elementor-col-50 elementor-top-column elementor-element elementor-element-a1a9fc3\" data-id=\"a1a9fc3\" data-element_type=\"column\" data-e-type=\"column\">\n\t\t\t<div class=\"elementor-widget-wrap elementor-element-populated\">\n\t\t\t\t\t\t<div class=\"elementor-element elementor-element-1f59a79 elementor-widget elementor-widget-text-editor\" data-id=\"1f59a79\" data-element_type=\"widget\" data-e-type=\"widget\" data-widget_type=\"text-editor.default\">\n\t\t\t\t<div class=\"elementor-widget-container\">\n\t\t\t\t\t\t\t\t\t<p>Un voyage itin\u00e9rant au gr\u00e9 de 7 \u00e9tapes musicales et artistiques ponctu\u00e9es de moments magiques partag\u00e9s entre musiciens, de rencontres des plus conviviales et originales avec le public et d\u2019instants de pure \u00e9motion.<\/p>\t\t\t\t\t\t\t\t<\/div>\n\t\t\t\t<\/div>\n\t\t\t\t<div class=\"elementor-element elementor-element-bede70f elementor-widget elementor-widget-text-editor\" data-id=\"bede70f\" data-element_type=\"widget\" data-e-type=\"widget\" data-widget_type=\"text-editor.default\">\n\t\t\t\t<div class=\"elementor-widget-container\">\n\t\t\t\t\t\t\t\t\t<p>La transmission, voil\u00e0 ce qui fait vibrer \u00ab The Angel \u00bb tout autant que ses propri\u00e9taires, et son histoire continue de s\u2019\u00e9crire\u2026<\/p><p>\u00a0<\/p><p><i>Documentaire r\u00e9alis\u00e9 sous l&rsquo;expertise et la magnifique cam\u00e9ra de\u00a0<a href=\"https:\/\/www.jbpfilms.com\/\" target=\"_blank\" rel=\"noopener\">J. Blanch Production<\/a>\u00a0<\/i><\/p>\t\t\t\t\t\t\t\t<\/div>\n\t\t\t\t<\/div>\n\t\t\t\t\t<\/div>\n\t\t<\/div>\n\t\t\t\t\t<\/div>\n\t\t<\/section>\n\t\t\t\t<\/div>\n\t\t","protected":false},"excerpt":{"rendered":"<p>For the next 300 years Un documentaire \u00e0 d\u00e9couvrir bient\u00f4t sur vos \u00e9crans ! Ce Stradivarius \u00ab The Angel \u00bb ex-Madrileno 1720 connait une histoire incroyable et pour son 300\u00e8me anniversaire, s\u2019il devait avoir qu\u2019une seule volont\u00e9, ce serait un retour \u00e0 ses origines. Le Covid s\u2019est invit\u00e9 mais n\u2019a en rien tu\u00e9 la cr\u00e9ativit\u00e9 [&hellip;]<\/p>\n","protected":false},"author":1,"featured_media":0,"parent":0,"menu_order":0,"comment_status":"closed","ping_status":"closed","template":"","meta":{"footnotes":""},"class_list":["post-962","page","type-page","status-publish","hentry"],"yoast_head":"<!-- This site is optimized with the Yoast SEO plugin v27.3 - https:\/\/yoast.com\/product\/yoast-seo-wordpress\/ -->\n<title>Voyage itin\u00e9rant - Stradivarius Art &amp; Sound<\/title>\n<meta name=\"robots\" content=\"index, follow, max-snippet:-1, max-image-preview:large, max-video-preview:-1\" \/>\n<link rel=\"canonical\" href=\"https:\/\/stradivarius-artsound.com\/en\/for-the-next-300-years\/\" \/>\n<meta property=\"og:locale\" content=\"en_GB\" \/>\n<meta property=\"og:type\" content=\"article\" \/>\n<meta property=\"og:title\" content=\"Voyage itin\u00e9rant - Stradivarius Art &amp; Sound\" \/>\n<meta property=\"og:description\" content=\"For the next 300 years Un documentaire \u00e0 d\u00e9couvrir bient\u00f4t sur vos \u00e9crans ! Ce Stradivarius \u00ab The Angel \u00bb ex-Madrileno 1720 connait une histoire incroyable et pour son 300\u00e8me anniversaire, s\u2019il devait avoir qu\u2019une seule volont\u00e9, ce serait un retour \u00e0 ses origines. Le Covid s\u2019est invit\u00e9 mais n\u2019a en rien tu\u00e9 la cr\u00e9ativit\u00e9 [&hellip;]\" \/>\n<meta property=\"og:url\" content=\"https:\/\/stradivarius-artsound.com\/en\/for-the-next-300-years\/\" \/>\n<meta property=\"og:site_name\" content=\"Stradivarius Art &amp; Sound\" \/>\n<meta property=\"article:modified_time\" content=\"2022-03-22T13:56:02+00:00\" \/>\n<meta property=\"og:image\" content=\"https:\/\/stradivarius-artsound.com\/wp-content\/uploads\/2022\/11\/protocole-stradivarius-og.png\" \/>\n\t<meta property=\"og:image:width\" content=\"1200\" \/>\n\t<meta property=\"og:image:height\" content=\"600\" \/>\n\t<meta property=\"og:image:type\" content=\"image\/png\" \/>\n<meta name=\"twitter:card\" content=\"summary_large_image\" \/>\n<meta name=\"twitter:label1\" content=\"Estimated reading time\" \/>\n\t<meta name=\"twitter:data1\" content=\"1 minute\" \/>\n<script type=\"application\/ld+json\" class=\"yoast-schema-graph\">{\"@context\":\"https:\\\/\\\/schema.org\",\"@graph\":[{\"@type\":\"WebPage\",\"@id\":\"https:\\\/\\\/stradivarius-artsound.com\\\/for-the-next-300-years\",\"url\":\"https:\\\/\\\/stradivarius-artsound.com\\\/for-the-next-300-years\",\"name\":\"Voyage itin\u00e9rant - Stradivarius Art &amp; Sound\",\"isPartOf\":{\"@id\":\"https:\\\/\\\/stradivarius-artsound.com\\\/#website\"},\"datePublished\":\"2022-01-31T13:19:02+00:00\",\"dateModified\":\"2022-03-22T13:56:02+00:00\",\"breadcrumb\":{\"@id\":\"https:\\\/\\\/stradivarius-artsound.com\\\/for-the-next-300-years#breadcrumb\"},\"inLanguage\":\"en-GB\",\"potentialAction\":[{\"@type\":\"ReadAction\",\"target\":[\"https:\\\/\\\/stradivarius-artsound.com\\\/for-the-next-300-years\"]}]},{\"@type\":\"BreadcrumbList\",\"@id\":\"https:\\\/\\\/stradivarius-artsound.com\\\/for-the-next-300-years#breadcrumb\",\"itemListElement\":[{\"@type\":\"ListItem\",\"position\":1,\"name\":\"Accueil\",\"item\":\"https:\\\/\\\/stradivarius-artsound.com\\\/\"},{\"@type\":\"ListItem\",\"position\":2,\"name\":\"Voyage itin\u00e9rant\"}]},{\"@type\":\"WebSite\",\"@id\":\"https:\\\/\\\/stradivarius-artsound.com\\\/#website\",\"url\":\"https:\\\/\\\/stradivarius-artsound.com\\\/\",\"name\":\"Stradivarius Art &amp; Sound\",\"description\":\"\",\"publisher\":{\"@id\":\"https:\\\/\\\/stradivarius-artsound.com\\\/#organization\"},\"potentialAction\":[{\"@type\":\"SearchAction\",\"target\":{\"@type\":\"EntryPoint\",\"urlTemplate\":\"https:\\\/\\\/stradivarius-artsound.com\\\/?s={search_term_string}\"},\"query-input\":{\"@type\":\"PropertyValueSpecification\",\"valueRequired\":true,\"valueName\":\"search_term_string\"}}],\"inLanguage\":\"en-GB\"},{\"@type\":\"Organization\",\"@id\":\"https:\\\/\\\/stradivarius-artsound.com\\\/#organization\",\"name\":\"Stradivarius Art & Sound\",\"url\":\"https:\\\/\\\/stradivarius-artsound.com\\\/\",\"logo\":{\"@type\":\"ImageObject\",\"inLanguage\":\"en-GB\",\"@id\":\"https:\\\/\\\/stradivarius-artsound.com\\\/#\\\/schema\\\/logo\\\/image\\\/\",\"url\":\"https:\\\/\\\/stradivarius-artsound.com\\\/wp-content\\\/uploads\\\/2022\\\/01\\\/sas-logo-noir.svg\",\"contentUrl\":\"https:\\\/\\\/stradivarius-artsound.com\\\/wp-content\\\/uploads\\\/2022\\\/01\\\/sas-logo-noir.svg\",\"width\":739,\"height\":238.61,\"caption\":\"Stradivarius Art & Sound\"},\"image\":{\"@id\":\"https:\\\/\\\/stradivarius-artsound.com\\\/#\\\/schema\\\/logo\\\/image\\\/\"}}]}<\/script>\n<!-- \/ Yoast SEO plugin. -->","yoast_head_json":{"title":"Voyage itin\u00e9rant - Stradivarius Art &amp; Sound","robots":{"index":"index","follow":"follow","max-snippet":"max-snippet:-1","max-image-preview":"max-image-preview:large","max-video-preview":"max-video-preview:-1"},"canonical":"https:\/\/stradivarius-artsound.com\/en\/for-the-next-300-years\/","og_locale":"en_GB","og_type":"article","og_title":"Voyage itin\u00e9rant - Stradivarius Art &amp; Sound","og_description":"For the next 300 years Un documentaire \u00e0 d\u00e9couvrir bient\u00f4t sur vos \u00e9crans ! Ce Stradivarius \u00ab The Angel \u00bb ex-Madrileno 1720 connait une histoire incroyable et pour son 300\u00e8me anniversaire, s\u2019il devait avoir qu\u2019une seule volont\u00e9, ce serait un retour \u00e0 ses origines. Le Covid s\u2019est invit\u00e9 mais n\u2019a en rien tu\u00e9 la cr\u00e9ativit\u00e9 [&hellip;]","og_url":"https:\/\/stradivarius-artsound.com\/en\/for-the-next-300-years\/","og_site_name":"Stradivarius Art &amp; Sound","article_modified_time":"2022-03-22T13:56:02+00:00","og_image":[{"width":1200,"height":600,"url":"https:\/\/stradivarius-artsound.com\/wp-content\/uploads\/2022\/11\/protocole-stradivarius-og.png","type":"image\/png"}],"twitter_card":"summary_large_image","twitter_misc":{"Estimated reading time":"1 minute"},"schema":{"@context":"https:\/\/schema.org","@graph":[{"@type":"WebPage","@id":"https:\/\/stradivarius-artsound.com\/for-the-next-300-years","url":"https:\/\/stradivarius-artsound.com\/for-the-next-300-years","name":"Voyage itin\u00e9rant - Stradivarius Art &amp; Sound","isPartOf":{"@id":"https:\/\/stradivarius-artsound.com\/#website"},"datePublished":"2022-01-31T13:19:02+00:00","dateModified":"2022-03-22T13:56:02+00:00","breadcrumb":{"@id":"https:\/\/stradivarius-artsound.com\/for-the-next-300-years#breadcrumb"},"inLanguage":"en-GB","potentialAction":[{"@type":"ReadAction","target":["https:\/\/stradivarius-artsound.com\/for-the-next-300-years"]}]},{"@type":"BreadcrumbList","@id":"https:\/\/stradivarius-artsound.com\/for-the-next-300-years#breadcrumb","itemListElement":[{"@type":"ListItem","position":1,"name":"Accueil","item":"https:\/\/stradivarius-artsound.com\/"},{"@type":"ListItem","position":2,"name":"Voyage itin\u00e9rant"}]},{"@type":"WebSite","@id":"https:\/\/stradivarius-artsound.com\/#website","url":"https:\/\/stradivarius-artsound.com\/","name":"Stradivarius Art &amp; Sound","description":"","publisher":{"@id":"https:\/\/stradivarius-artsound.com\/#organization"},"potentialAction":[{"@type":"SearchAction","target":{"@type":"EntryPoint","urlTemplate":"https:\/\/stradivarius-artsound.com\/?s={search_term_string}"},"query-input":{"@type":"PropertyValueSpecification","valueRequired":true,"valueName":"search_term_string"}}],"inLanguage":"en-GB"},{"@type":"Organization","@id":"https:\/\/stradivarius-artsound.com\/#organization","name":"Stradivarius Art & Sound","url":"https:\/\/stradivarius-artsound.com\/","logo":{"@type":"ImageObject","inLanguage":"en-GB","@id":"https:\/\/stradivarius-artsound.com\/#\/schema\/logo\/image\/","url":"https:\/\/stradivarius-artsound.com\/wp-content\/uploads\/2022\/01\/sas-logo-noir.svg","contentUrl":"https:\/\/stradivarius-artsound.com\/wp-content\/uploads\/2022\/01\/sas-logo-noir.svg","width":739,"height":238.61,"caption":"Stradivarius Art & Sound"},"image":{"@id":"https:\/\/stradivarius-artsound.com\/#\/schema\/logo\/image\/"}}]}},"_links":{"self":[{"href":"https:\/\/stradivarius-artsound.com\/en\/wp-json\/wp\/v2\/pages\/962","targetHints":{"allow":["GET"]}}],"collection":[{"href":"https:\/\/stradivarius-artsound.com\/en\/wp-json\/wp\/v2\/pages"}],"about":[{"href":"https:\/\/stradivarius-artsound.com\/en\/wp-json\/wp\/v2\/types\/page"}],"author":[{"embeddable":true,"href":"https:\/\/stradivarius-artsound.com\/en\/wp-json\/wp\/v2\/users\/1"}],"replies":[{"embeddable":true,"href":"https:\/\/stradivarius-artsound.com\/en\/wp-json\/wp\/v2\/comments?post=962"}],"version-history":[{"count":0,"href":"https:\/\/stradivarius-artsound.com\/en\/wp-json\/wp\/v2\/pages\/962\/revisions"}],"wp:attachment":[{"href":"https:\/\/stradivarius-artsound.com\/en\/wp-json\/wp\/v2\/media?parent=962"}],"curies":[{"name":"wp","href":"https:\/\/api.w.org\/{rel}","templated":true}]}}